{"id":1567,"date":"2024-10-23T15:34:23","date_gmt":"2024-10-23T14:34:23","guid":{"rendered":"http:\/\/rahmah.live\/?page_id=1567"},"modified":"2024-10-24T08:05:00","modified_gmt":"2024-10-24T07:05:00","slug":"zakir-naiki%cc%87n-cevaplariyla-i%cc%87slam-hakkinda-en-sik-sorulan-20-soru","status":"publish","type":"page","link":"https:\/\/rahmah.live\/tr\/zakir-naiki%cc%87n-cevaplariyla-i%cc%87slam-hakkinda-en-sik-sorulan-20-soru\/","title":{"rendered":"Zakir Naik'in Cevaplar\u0131yla \u0130slam Hakk\u0131nda En S\u0131k Sorulan 20 Soru"},"content":{"rendered":"<style>.kb-row-layout-id1567_8595fb-3c > .kt-row-column-wrap{align-content:end;}:where(.kb-row-layout-id1567_8595fb-3c > .kt-row-column-wrap) > .wp-block-kadence-column{justify-content:end;}.kb-row-layout-id1567_8595fb-3c > .kt-row-column-wrap{column-gap:var(--global-kb-gap-md, 2rem);row-gap:var(--global-kb-gap-md, 2rem);max-width:var( --global-content-width, 1290px );padding-left:var(--global-content-edge-padding);padding-right:var(--global-content-edge-padding);padding-top:var(--global-kb-spacing-5xl, 10rem);padding-bottom:var(--global-kb-spacing-4xl, 8rem);min-height:600px;grid-template-columns:minmax(0, 1fr);}.kb-row-layout-id1567_8595fb-3c{background-image:url('http:\/\/rahmah.live\/wp-content\/uploads\/2024\/09\/image_fx_-1.png');background-size:cover;background-position:center center;background-attachment:scroll;background-repeat:no-repeat;}.kb-row-layout-id1567_8595fb-3c > .kt-row-layout-overlay{opacity:0.85;background-color:var(--global-palette3, #1A202C);mix-blend-mode:normal;}@media all and (max-width: 1024px){.kb-row-layout-id1567_8595fb-3c > .kt-row-column-wrap{grid-template-columns:minmax(0, 1fr);}}@media all and (max-width: 767px){.kb-row-layout-id1567_8595fb-3c > .kt-row-column-wrap{padding-top:var(--global-kb-spacing-xl, 4rem);padding-bottom:var(--global-kb-spacing-xl, 4rem);grid-template-columns:minmax(0, 1fr);}}<\/style><div class=\"kb-row-layout-wrap kb-row-layout-id1567_8595fb-3c alignfull kt-row-has-bg wp-block-kadence-rowlayout\"><div class=\"kt-row-layout-overlay kt-row-overlay-normal\"><\/div><div class=\"kt-row-column-wrap kt-has-1-columns kt-row-layout-equal kt-tab-layout-inherit kt-mobile-layout-row kt-row-valign-bottom kb-theme-content-width\">\n<style>.kadence-column1567_4fe6a5-f8 > .kt-inside-inner-col,.kadence-column1567_4fe6a5-f8 > .kt-inside-inner-col:before{border-top-left-radius:0px;border-top-right-radius:0px;border-bottom-right-radius:0px;border-bottom-left-radius:0px;}.kadence-column1567_4fe6a5-f8 > .kt-inside-inner-col{column-gap:var(--global-kb-gap-sm, 1rem);}.kadence-column1567_4fe6a5-f8 > .kt-inside-inner-col{flex-direction:column;}.kadence-column1567_4fe6a5-f8 > .kt-inside-inner-col > .aligncenter{width:100%;}.kadence-column1567_4fe6a5-f8 > .kt-inside-inner-col:before{opacity:0.3;}.kadence-column1567_4fe6a5-f8{position:relative;}@media all and (max-width: 1024px){.kadence-column1567_4fe6a5-f8 > .kt-inside-inner-col{flex-direction:column;justify-content:center;}}@media all and (max-width: 767px){.kadence-column1567_4fe6a5-f8 > .kt-inside-inner-col{flex-direction:column;justify-content:center;}}<\/style>\n<div class=\"wp-block-kadence-column kadence-column1567_4fe6a5-f8 inner-column-1\"><div class=\"kt-inside-inner-col\"><style>.wp-block-kadence-spacer.kt-block-spacer-1567_db8713-39 .kt-block-spacer{height:40px;}.wp-block-kadence-spacer.kt-block-spacer-1567_db8713-39 .kt-divider{border-top-width:1px;height:1px;border-top-color:var(--global-palette1, #3182CE);width:15%;border-top-style:solid;}<\/style>\n<div class=\"wp-block-kadence-spacer aligncenter kt-block-spacer-1567_db8713-39\"><div class=\"kt-block-spacer kt-block-spacer-halign-center\"><hr class=\"kt-divider\"\/><\/div><\/div>\n\n\n<style>.wp-block-kadence-advancedheading.kt-adv-heading1567_e094c9-57, .wp-block-kadence-advancedheading.kt-adv-heading1567_e094c9-57[data-kb-block=\"kb-adv-heading1567_e094c9-57\"]{padding-top:0px;margin-top:0px;text-align:center;font-size:var(--global-kb-font-size-lg, 2rem);line-height:1.1;font-style:normal;}.wp-block-kadence-advancedheading.kt-adv-heading1567_e094c9-57 mark.kt-highlight, .wp-block-kadence-advancedheading.kt-adv-heading1567_e094c9-57[data-kb-block=\"kb-adv-heading1567_e094c9-57\"] mark.kt-highlight{font-style:normal;color:#f76a0c;-webkit-box-decoration-break:clone;box-decoration-break:clone;padding-top:0px;padding-right:0px;padding-bottom:0px;padding-left:0px;}.wp-block-kadence-advancedheading.kt-adv-heading1567_e094c9-57 img.kb-inline-image, .wp-block-kadence-advancedheading.kt-adv-heading1567_e094c9-57[data-kb-block=\"kb-adv-heading1567_e094c9-57\"] img.kb-inline-image{width:150px;vertical-align:baseline;}@media all and (max-width: 1024px){.wp-block-kadence-advancedheading.kt-adv-heading1567_e094c9-57, .wp-block-kadence-advancedheading.kt-adv-heading1567_e094c9-57[data-kb-block=\"kb-adv-heading1567_e094c9-57\"]{font-size:60px;}}@media all and (max-width: 767px){.wp-block-kadence-advancedheading.kt-adv-heading1567_e094c9-57, .wp-block-kadence-advancedheading.kt-adv-heading1567_e094c9-57[data-kb-block=\"kb-adv-heading1567_e094c9-57\"]{font-size:40px;}}<\/style>\n<h1 class=\"kt-adv-heading1567_e094c9-57 wp-block-kadence-advancedheading has-theme-palette-9-color has-text-color\" data-kb-block=\"kb-adv-heading1567_e094c9-57\">Find Answers to your Questions about Islam<\/h1>\n\n\n<style>.wp-block-kadence-advancedheading.kt-adv-heading1567_6abe92-6b, .wp-block-kadence-advancedheading.kt-adv-heading1567_6abe92-6b[data-kb-block=\"kb-adv-heading1567_6abe92-6b\"]{max-width:600px;margin-right:auto;margin-left:auto;text-align:center;font-style:normal;}.wp-block-kadence-advancedheading.kt-adv-heading1567_6abe92-6b mark.kt-highlight, .wp-block-kadence-advancedheading.kt-adv-heading1567_6abe92-6b[data-kb-block=\"kb-adv-heading1567_6abe92-6b\"] mark.kt-highlight{font-style:normal;color:#f76a0c;-webkit-box-decoration-break:clone;box-decoration-break:clone;padding-top:0px;padding-right:0px;padding-bottom:0px;padding-left:0px;}.wp-block-kadence-advancedheading.kt-adv-heading1567_6abe92-6b img.kb-inline-image, .wp-block-kadence-advancedheading.kt-adv-heading1567_6abe92-6b[data-kb-block=\"kb-adv-heading1567_6abe92-6b\"] img.kb-inline-image{width:150px;vertical-align:baseline;}<\/style>\n<p class=\"kt-adv-heading1567_6abe92-6b wp-block-kadence-advancedheading has-theme-palette-8-color has-text-color\" data-kb-block=\"kb-adv-heading1567_6abe92-6b\">Discover comprehensive answers to your questions about Islam in our FAQs. Explore a wealth of Islamic knowledge for a better understanding.<\/p>\n<\/div><\/div>\n\n<\/div><\/div>\n\n<style>.kb-row-layout-id1567_f05929-57 > .kt-row-column-wrap{align-content:start;}:where(.kb-row-layout-id1567_f05929-57 > .kt-row-column-wrap) > .wp-block-kadence-column{justify-content:start;}.kb-row-layout-id1567_f05929-57 > .kt-row-column-wrap{column-gap:var(--global-kb-gap-md, 2rem);row-gap:var(--global-kb-gap-md, 2rem);max-width:860px;margin-left:auto;margin-right:auto;padding-top:var(--global-kb-spacing-xxl, 5rem);padding-bottom:var(--global-kb-spacing-xxl, 5rem);grid-template-columns:minmax(0, 1fr);}.kb-row-layout-id1567_f05929-57 > .kt-row-layout-overlay{opacity:0.30;}@media all and (max-width: 1024px){.kb-row-layout-id1567_f05929-57 > .kt-row-column-wrap{grid-template-columns:minmax(0, 1fr);}}@media all and (max-width: 767px){.kb-row-layout-id1567_f05929-57 > .kt-row-column-wrap{grid-template-columns:minmax(0, 1fr);}}<\/style><div class=\"kb-row-layout-wrap kb-row-layout-id1567_f05929-57 alignfull has-theme-palette9-background-color kt-row-has-bg wp-block-kadence-rowlayout\"><div class=\"kt-row-column-wrap kt-has-1-columns kt-row-layout-equal kt-tab-layout-inherit kt-mobile-layout-row kt-row-valign-top\">\n<style>.kadence-column1567_e3dd62-42 > .kt-inside-inner-col,.kadence-column1567_e3dd62-42 > .kt-inside-inner-col:before{border-top-left-radius:0px;border-top-right-radius:0px;border-bottom-right-radius:0px;border-bottom-left-radius:0px;}.kadence-column1567_e3dd62-42 > .kt-inside-inner-col{column-gap:var(--global-kb-gap-sm, 1rem);}.kadence-column1567_e3dd62-42 > .kt-inside-inner-col{flex-direction:column;}.kadence-column1567_e3dd62-42 > .kt-inside-inner-col > .aligncenter{width:100%;}.kadence-column1567_e3dd62-42 > .kt-inside-inner-col:before{opacity:0.3;}.kadence-column1567_e3dd62-42{position:relative;}@media all and (max-width: 1024px){.kadence-column1567_e3dd62-42 > .kt-inside-inner-col{flex-direction:column;justify-content:center;}}@media all and (max-width: 767px){.kadence-column1567_e3dd62-42 > .kt-inside-inner-col{flex-direction:column;justify-content:center;}}<\/style>\n<div class=\"wp-block-kadence-column kadence-column1567_e3dd62-42\"><div class=\"kt-inside-inner-col\"><style>.wp-block-kadence-advancedheading.kt-adv-heading1567_32f997-49, .wp-block-kadence-advancedheading.kt-adv-heading1567_32f997-49[data-kb-block=\"kb-adv-heading1567_32f997-49\"]{font-style:normal;}.wp-block-kadence-advancedheading.kt-adv-heading1567_32f997-49 mark.kt-highlight, .wp-block-kadence-advancedheading.kt-adv-heading1567_32f997-49[data-kb-block=\"kb-adv-heading1567_32f997-49\"] mark.kt-highlight{font-style:normal;color:#f76a0c;-webkit-box-decoration-break:clone;box-decoration-break:clone;padding-top:0px;padding-right:0px;padding-bottom:0px;padding-left:0px;}.wp-block-kadence-advancedheading.kt-adv-heading1567_32f997-49 img.kb-inline-image, .wp-block-kadence-advancedheading.kt-adv-heading1567_32f997-49[data-kb-block=\"kb-adv-heading1567_32f997-49\"] img.kb-inline-image{width:150px;vertical-align:baseline;}<\/style>\n<h2 class=\"kt-adv-heading1567_32f997-49 wp-block-kadence-advancedheading\" data-kb-block=\"kb-adv-heading1567_32f997-49\">If you still have further questions about Islam, you can chat with us!<\/h2>\n<\/div><\/div>\n\n<\/div><\/div>\n\n<style>.kb-row-layout-id1567_be83b3-3f > .kt-row-column-wrap{align-content:start;}:where(.kb-row-layout-id1567_be83b3-3f > .kt-row-column-wrap) > .wp-block-kadence-column{justify-content:start;}.kb-row-layout-id1567_be83b3-3f > .kt-row-column-wrap{column-gap:var(--global-kb-gap-lg, 4rem);row-gap:var(--global-kb-gap-lg, 4rem);max-width:var( --global-content-width, 1290px );padding-left:var(--global-content-edge-padding);padding-right:var(--global-content-edge-padding);padding-top:var(--global-kb-spacing-xxl, 5rem);padding-bottom:var(--global-kb-spacing-xxl, 5rem);grid-template-columns:minmax(0, 2fr) minmax(0, 1fr);}.kb-row-layout-id1567_be83b3-3f > .kt-row-layout-overlay{opacity:0.30;}@media all and (max-width: 1024px){.kb-row-layout-id1567_be83b3-3f > .kt-row-column-wrap{grid-template-columns:minmax(0, 2fr) minmax(0, 1fr);}}@media all and (max-width: 767px){.kb-row-layout-id1567_be83b3-3f > .kt-row-column-wrap{grid-template-columns:minmax(0, 1fr);}}<\/style><div class=\"kb-row-layout-wrap kb-row-layout-id1567_be83b3-3f alignfull has-theme-palette9-background-color kt-row-has-bg wp-block-kadence-rowlayout\"><div class=\"kt-row-column-wrap kt-has-2-columns kt-row-layout-left-golden kt-tab-layout-inherit kt-mobile-layout-row kt-row-valign-top kb-theme-content-width\">\n<style>.kadence-column1567_00e192-76 > .kt-inside-inner-col{display:flex;}.kadence-column1567_00e192-76 > .kt-inside-inner-col,.kadence-column1567_00e192-76 > .kt-inside-inner-col:before{border-top-left-radius:0px;border-top-right-radius:0px;border-bottom-right-radius:0px;border-bottom-left-radius:0px;}.kadence-column1567_00e192-76 > .kt-inside-inner-col{row-gap:var(--global-kb-gap-none, 0rem );column-gap:var(--global-kb-gap-sm, 1rem);}.kadence-column1567_00e192-76 > .kt-inside-inner-col{flex-direction:column;align-items:flex-start;}.kadence-column1567_00e192-76 > .kt-inside-inner-col > .kb-image-is-ratio-size{align-self:stretch;}.kadence-column1567_00e192-76 > .kt-inside-inner-col > .wp-block-kadence-advancedgallery{align-self:stretch;}.kadence-column1567_00e192-76 > .kt-inside-inner-col > .aligncenter{width:100%;}.kadence-column1567_00e192-76 > .kt-inside-inner-col:before{opacity:0.3;}.kadence-column1567_00e192-76{position:relative;}@media all and (max-width: 1024px){.kadence-column1567_00e192-76 > .kt-inside-inner-col{flex-direction:column;justify-content:center;align-items:flex-start;}}@media all and (max-width: 767px){.kadence-column1567_00e192-76 > .kt-inside-inner-col{flex-direction:column;justify-content:center;align-items:flex-start;}}<\/style>\n<div class=\"wp-block-kadence-column kadence-column1567_00e192-76 kb-section-dir-vertical\"><div class=\"kt-inside-inner-col\">\n<div class=\"wp-block-columns is-layout-flex wp-container-core-columns-is-layout-9d6595d7 wp-block-columns-is-layout-flex\">\n<div class=\"wp-block-column is-layout-flow wp-block-column-is-layout-flow\" style=\"flex-basis:100%\"><ul style=\"font-style:normal;font-weight:700;line-height:2.2;\" class=\"wp-block-page-list has-large-font-size\"><li class=\"wp-block-pages-list__item\"><a class=\"wp-block-pages-list__item__link\" href=\"https:\/\/rahmah.live\/tr\/zakir-naiki%cc%87n-cevaplariyla-i%cc%87slam-hakkinda-en-sik-sorulan-20-soru\/neden-bazi-muslumanlar-hayvanlari-acimasizca-katlediyor\/\">Animals Slaughter for Food<\/a><\/li><li class=\"wp-block-pages-list__item\"><a class=\"wp-block-pages-list__item__link\" href=\"https:\/\/rahmah.live\/tr\/zakir-naiki%cc%87n-cevaplariyla-i%cc%87slam-hakkinda-en-sik-sorulan-20-soru\/muslumanlar-arasinda-neden-bu-kadar-cok-mezhep-ve-farkli-dusunce-ekolu-var\/\">Different Schools of Thoughts<\/a><\/li><li class=\"wp-block-pages-list__item\"><a class=\"wp-block-pages-list__item__link\" href=\"https:\/\/rahmah.live\/tr\/zakir-naiki%cc%87n-cevaplariyla-i%cc%87slam-hakkinda-en-sik-sorulan-20-soru\/neden-kadin-olan-iki-tanik-erkek-olan-tek-bir-taniga-esdegerdir\/\">Equality of Witnesses<\/a><\/li><li class=\"wp-block-pages-list__item\"><a class=\"wp-block-pages-list__item__link\" href=\"https:\/\/rahmah.live\/tr\/zakir-naiki%cc%87n-cevaplariyla-i%cc%87slam-hakkinda-en-sik-sorulan-20-soru\/neden-muslumanlarin-cogu-koktenci%cc%87-ve-terori%cc%87st\/\">Fundamentalists and Terrorists<\/a><\/li><li class=\"wp-block-pages-list__item\"><a class=\"wp-block-pages-list__item__link\" href=\"https:\/\/rahmah.live\/tr\/zakir-naiki%cc%87n-cevaplariyla-i%cc%87slam-hakkinda-en-sik-sorulan-20-soru\/neden-i%cc%87slamda-bi%cc%87r-kadinin-mi%cc%87ras-kalan-servetteki%cc%87-payi-bi%cc%87r-erkegi%cc%87n-payinin-sadece-yarisidir\/\">Inheritance<\/a><\/li><li class=\"wp-block-pages-list__item\"><a class=\"wp-block-pages-list__item__link\" href=\"https:\/\/rahmah.live\/tr\/zakir-naiki%cc%87n-cevaplariyla-i%cc%87slam-hakkinda-en-sik-sorulan-20-soru\/kuranin-allahin-sozu-oldugunu-nasil-kanitlayabi%cc%87li%cc%87rsi%cc%87ni%cc%87z\/\">Is The QUR&#8217;AN God&#8217;s Word<\/a><\/li><li class=\"wp-block-pages-list__item\"><a class=\"wp-block-pages-list__item__link\" href=\"https:\/\/rahmah.live\/tr\/zakir-naiki%cc%87n-cevaplariyla-i%cc%87slam-hakkinda-en-sik-sorulan-20-soru\/eger-i%cc%87slam-en-i%cc%87yi%cc%87-di%cc%87n-i%cc%87se-neden-muslumanlarin-cogu-hi%cc%87le-rusvet-uyusturucu-ti%cc%87careti%cc%87-gi%cc%87bi%cc%87-faali%cc%87yetlere-karisiyor\/\">Islam and Actual Practice of Muslims<\/a><\/li><li class=\"wp-block-pages-list__item\"><a class=\"wp-block-pages-list__item__link\" href=\"https:\/\/rahmah.live\/tr\/zakir-naiki%cc%87n-cevaplariyla-i%cc%87slam-hakkinda-en-sik-sorulan-20-soru\/kilicla-yayildigi-halde-i%cc%87slam-nasil-baris-di%cc%87ni%cc%87-olarak-adlandirilabi%cc%87li%cc%87r\/\">Islam Spread<\/a><\/li><li class=\"wp-block-pages-list__item\"><a class=\"wp-block-pages-list__item__link\" href=\"https:\/\/rahmah.live\/tr\/zakir-naiki%cc%87n-cevaplariyla-i%cc%87slam-hakkinda-en-sik-sorulan-20-soru\/i%cc%87slamda-olumden-sonra-yasamin-varligini-nasil-kanitlayabi%cc%87li%cc%87rsi%cc%87ni%cc%87z\/\">Life After Death<\/a><\/li><li class=\"wp-block-pages-list__item\"><a class=\"wp-block-pages-list__item__link\" href=\"https:\/\/rahmah.live\/tr\/zakir-naiki%cc%87n-cevaplariyla-i%cc%87slam-hakkinda-en-sik-sorulan-20-soru\/muslumanlar-neden-kabeye-i%cc%87badet-edi%cc%87yor-ve-namazlarinda-kabeni%cc%87n-onunde-egi%cc%87li%cc%87yorlar\/\">Muslims Worship The Kaaba<\/a><\/li><li class=\"wp-block-pages-list__item\"><a class=\"wp-block-pages-list__item__link\" href=\"https:\/\/rahmah.live\/tr\/zakir-naiki%cc%87n-cevaplariyla-i%cc%87slam-hakkinda-en-sik-sorulan-20-soru\/neden-gayri%cc%87musli%cc%87mler-muslumanlarin-kutsal-sehi%cc%87rleri%cc%87ne-gi%cc%87remi%cc%87yor\/\">Non-Muslims in Makkah<\/a><\/li><li class=\"wp-block-pages-list__item\"><a class=\"wp-block-pages-list__item__link\" href=\"https:\/\/rahmah.live\/tr\/zakir-naiki%cc%87n-cevaplariyla-i%cc%87slam-hakkinda-en-sik-sorulan-20-soru\/muslumanlar-neden-gayri%cc%87musli%cc%87mlere-kafir-di%cc%87yerek-kotu-davranirlar\/\">Non-Muslims Referred to as kafirs<\/a><\/li><li class=\"wp-block-pages-list__item\"><a class=\"wp-block-pages-list__item__link\" href=\"https:\/\/rahmah.live\/tr\/zakir-naiki%cc%87n-cevaplariyla-i%cc%87slam-hakkinda-en-sik-sorulan-20-soru\/o-zaman-muslumanlar-neden-vejetaryen-olmayan-yiyecekler-tuketiyor\/\">Non-vegetarian Food Consumption<\/a><\/li><li class=\"wp-block-pages-list__item\"><a class=\"wp-block-pages-list__item__link\" href=\"https:\/\/rahmah.live\/tr\/zakir-naiki%cc%87n-cevaplariyla-i%cc%87slam-hakkinda-en-sik-sorulan-20-soru\/i%cc%87slam-neden-muslumanlarin-vejetaryen-olmayan-yi%cc%87yecekleri%cc%87-yemesi%cc%87ne-i%cc%87zi%cc%87n-veri%cc%87yor\/\">Non-Vegetarian Food Makes Muslims Violent<\/a><\/li><li class=\"wp-block-pages-list__item\"><a class=\"wp-block-pages-list__item__link\" href=\"https:\/\/rahmah.live\/tr\/zakir-naiki%cc%87n-cevaplariyla-i%cc%87slam-hakkinda-en-sik-sorulan-20-soru\/i%cc%87slamda-cok-esli%cc%87li%cc%87ge-neden-i%cc%87zi%cc%87n-veri%cc%87li%cc%87yor\/\">Polygamy for men<\/a><\/li><li class=\"wp-block-pages-list__item\"><a class=\"wp-block-pages-list__item__link\" href=\"https:\/\/rahmah.live\/tr\/zakir-naiki%cc%87n-cevaplariyla-i%cc%87slam-hakkinda-en-sik-sorulan-20-soru\/i%cc%87slam-neden-bi%cc%87r-kadinin-bi%cc%87rden-fazla-kocasi-olmasini-yasakliyor\/\">Polygamy for women<\/a><\/li><li class=\"wp-block-pages-list__item\"><a class=\"wp-block-pages-list__item__link\" href=\"https:\/\/rahmah.live\/tr\/zakir-naiki%cc%87n-cevaplariyla-i%cc%87slam-hakkinda-en-sik-sorulan-20-soru\/i%cc%87slamda-domuz-eti%cc%87-yemek-neden-yasaktir\/\">Pork Forbidden<\/a><\/li><li class=\"wp-block-pages-list__item\"><a class=\"wp-block-pages-list__item__link\" href=\"https:\/\/rahmah.live\/tr\/zakir-naiki%cc%87n-cevaplariyla-i%cc%87slam-hakkinda-en-sik-sorulan-20-soru\/why-is-the-consumption-of-alcohol-prohibited-in-islam\/\">Prohibition of Alcohol<\/a><\/li><li class=\"wp-block-pages-list__item\"><a class=\"wp-block-pages-list__item__link\" href=\"https:\/\/rahmah.live\/tr\/zakir-naiki%cc%87n-cevaplariyla-i%cc%87slam-hakkinda-en-sik-sorulan-20-soru\/i%cc%87slam-i%cc%87le-di%cc%87ger-di%cc%87nleri%cc%87n-cogu-arasindaki%cc%87-temel-fark\/\">Why Follow Only Islam<\/a><\/li><li class=\"wp-block-pages-list__item\"><a class=\"wp-block-pages-list__item__link\" href=\"https:\/\/rahmah.live\/tr\/zakir-naiki%cc%87n-cevaplariyla-i%cc%87slam-hakkinda-en-sik-sorulan-20-soru\/i%cc%87slam-neden-kadinlari-pece-arkasinda-tutarak-asagiliyor\/\">Women Veil<\/a><\/li><\/ul><\/div>\n<\/div>\n<\/div><\/div>\n\n\n<style>.kadence-column1567_fec9db-32 > .kt-inside-inner-col,.kadence-column1567_fec9db-32 > .kt-inside-inner-col:before{border-top-left-radius:0px;border-top-right-radius:0px;border-bottom-right-radius:0px;border-bottom-left-radius:0px;}.kadence-column1567_fec9db-32 > .kt-inside-inner-col{column-gap:var(--global-kb-gap-sm, 1rem);}.kadence-column1567_fec9db-32 > .kt-inside-inner-col{flex-direction:column;}.kadence-column1567_fec9db-32 > .kt-inside-inner-col > .aligncenter{width:100%;}.kadence-column1567_fec9db-32 > .kt-inside-inner-col:before{opacity:0.3;}.kadence-column1567_fec9db-32{position:relative;}@media all and (max-width: 1024px){.kadence-column1567_fec9db-32 > .kt-inside-inner-col{flex-direction:column;justify-content:center;}}@media all and (max-width: 767px){.kadence-column1567_fec9db-32 > .kt-inside-inner-col{flex-direction:column;justify-content:center;}}<\/style>\n<div class=\"wp-block-kadence-column kadence-column1567_fec9db-32\"><div class=\"kt-inside-inner-col\"><style>.wp-block-kadence-advancedheading.kt-adv-heading1567_f194c2-79, .wp-block-kadence-advancedheading.kt-adv-heading1567_f194c2-79[data-kb-block=\"kb-adv-heading1567_f194c2-79\"]{font-style:normal;}.wp-block-kadence-advancedheading.kt-adv-heading1567_f194c2-79 mark.kt-highlight, .wp-block-kadence-advancedheading.kt-adv-heading1567_f194c2-79[data-kb-block=\"kb-adv-heading1567_f194c2-79\"] mark.kt-highlight{font-style:normal;color:#f76a0c;-webkit-box-decoration-break:clone;box-decoration-break:clone;padding-top:0px;padding-right:0px;padding-bottom:0px;padding-left:0px;}.wp-block-kadence-advancedheading.kt-adv-heading1567_f194c2-79 img.kb-inline-image, .wp-block-kadence-advancedheading.kt-adv-heading1567_f194c2-79[data-kb-block=\"kb-adv-heading1567_f194c2-79\"] img.kb-inline-image{width:150px;vertical-align:baseline;}<\/style>\n<h4 class=\"kt-adv-heading1567_f194c2-79 wp-block-kadence-advancedheading\" data-kb-block=\"kb-adv-heading1567_f194c2-79\">Check out our articles; You may find an answer there!<\/h4>\n\n\n<p class=\"is-style-default wp-block-tag-cloud\"><a href=\"https:\/\/rahmah.live\/tr\/kategori\/blog\/\" class=\"tag-cloud-link tag-link-1 tag-link-position-1\" style=\"font-size: 22pt;\" aria-label=\"Blog (52 \u00f6ge)\">Blog<span class=\"tag-link-count\"> (52)<\/span><\/a>\n<a href=\"https:\/\/rahmah.live\/tr\/kategori\/contemporary-issues\/\" class=\"tag-cloud-link tag-link-27 tag-link-position-2\" style=\"font-size: 8pt;\" aria-label=\"Contemporary Issues (1 \u00f6ge)\">Contemporary Issues<span class=\"tag-link-count\"> (1)<\/span><\/a>\n<a href=\"https:\/\/rahmah.live\/tr\/kategori\/i%cc%87slama-geci%cc%87s\/\" class=\"tag-cloud-link tag-link-28 tag-link-position-3\" style=\"font-size: 19.338028169014pt;\" aria-label=\"Conversion to Islam (27 \u00f6ge)\">Conversion to Islam<span class=\"tag-link-count\"> (27)<\/span><\/a>\n<a href=\"https:\/\/rahmah.live\/tr\/kategori\/i%cc%87slami%cc%87-i%cc%87nanclar-ve-nuveler\/\" class=\"tag-cloud-link tag-link-24 tag-link-position-4\" style=\"font-size: 17.859154929577pt;\" aria-label=\"Islamic Beliefs and Cores (19 \u00f6ge)\">Islamic Beliefs and Cores<span class=\"tag-link-count\"> (19)<\/span><\/a>\n<a href=\"https:\/\/rahmah.live\/tr\/kategori\/i%cc%87slami%cc%87-yasam-tarzi-ve-toplum\/\" class=\"tag-cloud-link tag-link-26 tag-link-position-5\" style=\"font-size: 14.408450704225pt;\" aria-label=\"Islamic Lifestyle and Society (8 \u00f6ge)\">Islamic Lifestyle and Society<span class=\"tag-link-count\"> (8)<\/span><\/a>\n<a href=\"https:\/\/rahmah.live\/tr\/kategori\/tg-res\/\" class=\"tag-cloud-link tag-link-31 tag-link-position-6\" style=\"font-size: 9.7746478873239pt;\" aria-label=\"Tagalog Resources (2 \u00f6ge)\">Tagalog Resources<span class=\"tag-link-count\"> (2)<\/span><\/a><\/p><\/div><\/div>\n\n<\/div><\/div>\n\n\n<p><\/p>\n","protected":false},"excerpt":{"rendered":"<p>Find Answers to your Questions about Islam Discover comprehensive answers to your questions about Islam in our FAQs. Explore a wealth of Islamic knowledge for a better understanding. If you&#8230;<\/p>","protected":false},"author":1,"featured_media":0,"parent":0,"menu_order":0,"comment_status":"closed","ping_status":"closed","template":"","meta":{"give_campaign_id":0,"content-type":"","om_disable_all_campaigns":false,"_kadence_starter_templates_imported_post":true,"_kad_post_transparent":"","_kad_post_title":"hide","_kad_post_layout":"fullwidth","_kad_post_sidebar_id":"","_kad_post_content_style":"unboxed","_kad_post_vertical_padding":"hide","_kad_post_feature":"hide","_kad_post_feature_position":"","_kad_post_header":false,"_kad_post_footer":false,"_kad_post_classname":"","footnotes":""},"class_list":["post-1567","page","type-page","status-publish","hentry"],"campaignId":"","jetpack_sharing_enabled":true,"jetpack_likes_enabled":true,"_links":{"self":[{"href":"https:\/\/rahmah.live\/tr\/wp-json\/wp\/v2\/pages\/1567","targetHints":{"allow":["GET"]}}],"collection":[{"href":"https:\/\/rahmah.live\/tr\/wp-json\/wp\/v2\/pages"}],"about":[{"href":"https:\/\/rahmah.live\/tr\/wp-json\/wp\/v2\/types\/page"}],"author":[{"embeddable":true,"href":"https:\/\/rahmah.live\/tr\/wp-json\/wp\/v2\/users\/1"}],"replies":[{"embeddable":true,"href":"https:\/\/rahmah.live\/tr\/wp-json\/wp\/v2\/comments?post=1567"}],"version-history":[{"count":6,"href":"https:\/\/rahmah.live\/tr\/wp-json\/wp\/v2\/pages\/1567\/revisions"}],"predecessor-version":[{"id":1732,"href":"https:\/\/rahmah.live\/tr\/wp-json\/wp\/v2\/pages\/1567\/revisions\/1732"}],"wp:attachment":[{"href":"https:\/\/rahmah.live\/tr\/wp-json\/wp\/v2\/media?parent=1567"}],"curies":[{"name":"wp","href":"https:\/\/api.w.org\/{rel}","templated":true}]}}